{"id":17923,"date":"2025-01-04T13:44:07","date_gmt":"2025-01-04T18:44:07","guid":{"rendered":"https:\/\/vacancesartsnature.com\/boutique\/?post_type=product&#038;p=17923"},"modified":"2025-12-12T16:20:39","modified_gmt":"2025-12-12T21:20:39","slug":"atelier-libre-modele-vivant-hiver-2026-carte-pour-10-seances-au-choix","status":"publish","type":"product","link":"https:\/\/vacancesartsnature.com\/boutique\/produit\/atelier-libre-modele-vivant-hiver-2026-carte-pour-10-seances-au-choix\/","title":{"rendered":"Atelier libre mod\u00e8le vivant \u2013 hiver 2026 \u2013 carte pour 10 s\u00e9ances au choix"},"content":{"rendered":"<p><span style=\"color: #000000;\">Entr\u00e9e pour 10 s\u00e9ances <strong>pendant la session hiver 2026<\/strong>.<\/span><\/p>\n<h4><span style=\"color: #000000;\"><strong>160$ (taxes incluses)<\/strong><\/span><\/h4>\n<p><span style=\"color: #000000;\">Votre carte vous sera remise en main propre lors de votre premi\u00e8re visite.<\/span><\/p>\n<p><span style=\"color: #000000;\">Horaire et tous les d\u00e9tails ici :<\/span> <a href=\"https:\/\/vacancesartsnature.com\/modele-vivant\/\"> https:\/\/vacancesartsnature.com\/modele-vivant\/<\/a><\/p>\n","protected":false},"excerpt":{"rendered":"<p><span style=\"color: #000000;\">Entr\u00e9e pour 10 s\u00e9ances <strong>pendant la session hiver 2026<\/strong>.<\/span><\/p>\n<h4><span style=\"color: #000000;\"><strong>160$ (taxes incluses)<\/strong><\/span><\/h4>\n<p><span style=\"color: #000000;\">Votre carte vous sera remise en main propre lors de votre premi\u00e8re visite.<\/span><\/p>\n<p><span style=\"color: #000000;\">Horaire et tous les d\u00e9tails ici :<\/span> <a href=\"https:\/\/vacancesartsnature.com\/modele-vivant\/\"> https:\/\/vacancesartsnature.com\/modele-vivant\/<\/a><\/p>\n","protected":false},"featured_media":17924,"comment_status":"closed","ping_status":"closed","template":"","meta":{"_acf_changed":false,"_et_pb_use_builder":"","_et_pb_old_content":"","_et_gb_content_width":""},"product_brand":[],"product_cat":[15],"product_tag":[],"class_list":{"0":"post-17923","1":"product","2":"type-product","3":"status-publish","4":"has-post-thumbnail","6":"product_cat-non-classe","8":"first","9":"instock","10":"virtual","11":"taxable","12":"purchasable","13":"product-type-simple"},"acf":[],"yoast_head":"<!-- This site is optimized with the Yoast SEO plugin v27.1.1 - https:\/\/yoast.com\/product\/yoast-seo-wordpress\/ -->\n<title>Atelier libre mod\u00e8le vivant \u2013 hiver 2026 \u2013 carte pour 10 s\u00e9ances au choix - Boutique Vacances Arts Nature<\/title>\n<meta name=\"robots\" content=\"index, follow, max-snippet:-1, max-image-preview:large, max-video-preview:-1\" \/>\n<link rel=\"canonical\" href=\"https:\/\/vacancesartsnature.com\/boutique\/produit\/atelier-libre-modele-vivant-hiver-2026-carte-pour-10-seances-au-choix\/\" \/>\n<meta property=\"og:locale\" content=\"fr_CA\" \/>\n<meta property=\"og:type\" content=\"article\" \/>\n<meta property=\"og:title\" content=\"Atelier libre mod\u00e8le vivant \u2013 hiver 2026 \u2013 carte pour 10 s\u00e9ances au choix - Boutique Vacances Arts Nature\" \/>\n<meta property=\"og:description\" content=\"Entr\u00e9e pour 10 s\u00e9ances pendant la session hiver 2026. 160$ (taxes incluses) Votre carte vous sera remise en main propre lors de votre premi\u00e8re visite.  Horaire et tous les d\u00e9tails ici : https:\/\/vacancesartsnature.com\/modele-vivant\/\" \/>\n<meta property=\"og:url\" content=\"https:\/\/vacancesartsnature.com\/boutique\/produit\/atelier-libre-modele-vivant-hiver-2026-carte-pour-10-seances-au-choix\/\" \/>\n<meta property=\"og:site_name\" content=\"Boutique Vacances Arts Nature\" \/>\n<meta property=\"article:modified_time\" content=\"2025-12-12T21:20:39+00:00\" \/>\n<meta property=\"og:image\" content=\"https:\/\/vacancesartsnature.com\/boutique\/wp-content\/uploads\/sites\/2\/2025\/01\/Amandine-2019-03-02-3-scaled-e1736016462283.jpeg\" \/>\n\t<meta property=\"og:image:width\" content=\"1587\" \/>\n\t<meta property=\"og:image:height\" content=\"1587\" \/>\n\t<meta property=\"og:image:type\" content=\"image\/jpeg\" \/>\n<meta name=\"twitter:card\" content=\"summary_large_image\" \/>\n<meta name=\"twitter:label1\" content=\"Estimation du temps de lecture\" \/>\n\t<meta name=\"twitter:data1\" content=\"1 minute\" \/>\n<script type=\"application\/ld+json\" class=\"yoast-schema-graph\">{\"@context\":\"https:\/\/schema.org\",\"@graph\":[{\"@type\":\"WebPage\",\"@id\":\"https:\/\/vacancesartsnature.com\/boutique\/produit\/atelier-libre-modele-vivant-hiver-2026-carte-pour-10-seances-au-choix\/\",\"url\":\"https:\/\/vacancesartsnature.com\/boutique\/produit\/atelier-libre-modele-vivant-hiver-2026-carte-pour-10-seances-au-choix\/\",\"name\":\"Atelier libre mod\u00e8le vivant \u2013 hiver 2026 \u2013 carte pour 10 s\u00e9ances au choix - Boutique Vacances Arts Nature\",\"isPartOf\":{\"@id\":\"https:\/\/vacancesartsnature.com\/boutique\/#website\"},\"primaryImageOfPage\":{\"@id\":\"https:\/\/vacancesartsnature.com\/boutique\/produit\/atelier-libre-modele-vivant-hiver-2026-carte-pour-10-seances-au-choix\/#primaryimage\"},\"image\":{\"@id\":\"https:\/\/vacancesartsnature.com\/boutique\/produit\/atelier-libre-modele-vivant-hiver-2026-carte-pour-10-seances-au-choix\/#primaryimage\"},\"thumbnailUrl\":\"https:\/\/vacancesartsnature.com\/boutique\/wp-content\/uploads\/sites\/2\/2025\/01\/Amandine-2019-03-02-3-scaled-e1736016462283.jpeg\",\"datePublished\":\"2025-01-04T18:44:07+00:00\",\"dateModified\":\"2025-12-12T21:20:39+00:00\",\"breadcrumb\":{\"@id\":\"https:\/\/vacancesartsnature.com\/boutique\/produit\/atelier-libre-modele-vivant-hiver-2026-carte-pour-10-seances-au-choix\/#breadcrumb\"},\"inLanguage\":\"fr-CA\",\"potentialAction\":[{\"@type\":\"ReadAction\",\"target\":[\"https:\/\/vacancesartsnature.com\/boutique\/produit\/atelier-libre-modele-vivant-hiver-2026-carte-pour-10-seances-au-choix\/\"]}]},{\"@type\":\"ImageObject\",\"inLanguage\":\"fr-CA\",\"@id\":\"https:\/\/vacancesartsnature.com\/boutique\/produit\/atelier-libre-modele-vivant-hiver-2026-carte-pour-10-seances-au-choix\/#primaryimage\",\"url\":\"https:\/\/vacancesartsnature.com\/boutique\/wp-content\/uploads\/sites\/2\/2025\/01\/Amandine-2019-03-02-3-scaled-e1736016462283.jpeg\",\"contentUrl\":\"https:\/\/vacancesartsnature.com\/boutique\/wp-content\/uploads\/sites\/2\/2025\/01\/Amandine-2019-03-02-3-scaled-e1736016462283.jpeg\",\"width\":1587,\"height\":1587},{\"@type\":\"BreadcrumbList\",\"@id\":\"https:\/\/vacancesartsnature.com\/boutique\/produit\/atelier-libre-modele-vivant-hiver-2026-carte-pour-10-seances-au-choix\/#breadcrumb\",\"itemListElement\":[{\"@type\":\"ListItem\",\"position\":1,\"name\":\"Accueil\",\"item\":\"https:\/\/vacancesartsnature.com\/boutique\/\"},{\"@type\":\"ListItem\",\"position\":2,\"name\":\"Produits\",\"item\":\"https:\/\/vacancesartsnature.com\/boutique\/\"},{\"@type\":\"ListItem\",\"position\":3,\"name\":\"Atelier libre mod\u00e8le vivant \u2013 hiver 2026 \u2013 carte pour 10 s\u00e9ances au choix\"}]},{\"@type\":\"WebSite\",\"@id\":\"https:\/\/vacancesartsnature.com\/boutique\/#website\",\"url\":\"https:\/\/vacancesartsnature.com\/boutique\/\",\"name\":\"Boutique Vacances Arts Nature\",\"description\":\"Ateliers d&#039;art et m\u00e9tiers d&#039;art, \u00c9cole d&#039;\u00e9t\u00e9\",\"potentialAction\":[{\"@type\":\"SearchAction\",\"target\":{\"@type\":\"EntryPoint\",\"urlTemplate\":\"https:\/\/vacancesartsnature.com\/boutique\/?s={search_term_string}\"},\"query-input\":{\"@type\":\"PropertyValueSpecification\",\"valueRequired\":true,\"valueName\":\"search_term_string\"}}],\"inLanguage\":\"fr-CA\"}]}<\/script>\n<!-- \/ Yoast SEO plugin. -->","yoast_head_json":{"title":"Atelier libre mod\u00e8le vivant \u2013 hiver 2026 \u2013 carte pour 10 s\u00e9ances au choix - Boutique Vacances Arts Nature","robots":{"index":"index","follow":"follow","max-snippet":"max-snippet:-1","max-image-preview":"max-image-preview:large","max-video-preview":"max-video-preview:-1"},"canonical":"https:\/\/vacancesartsnature.com\/boutique\/produit\/atelier-libre-modele-vivant-hiver-2026-carte-pour-10-seances-au-choix\/","og_locale":"fr_CA","og_type":"article","og_title":"Atelier libre mod\u00e8le vivant \u2013 hiver 2026 \u2013 carte pour 10 s\u00e9ances au choix - Boutique Vacances Arts Nature","og_description":"Entr\u00e9e pour 10 s\u00e9ances pendant la session hiver 2026. 160$ (taxes incluses) Votre carte vous sera remise en main propre lors de votre premi\u00e8re visite.  Horaire et tous les d\u00e9tails ici : https:\/\/vacancesartsnature.com\/modele-vivant\/","og_url":"https:\/\/vacancesartsnature.com\/boutique\/produit\/atelier-libre-modele-vivant-hiver-2026-carte-pour-10-seances-au-choix\/","og_site_name":"Boutique Vacances Arts Nature","article_modified_time":"2025-12-12T21:20:39+00:00","og_image":[{"width":1587,"height":1587,"url":"https:\/\/vacancesartsnature.com\/boutique\/wp-content\/uploads\/sites\/2\/2025\/01\/Amandine-2019-03-02-3-scaled-e1736016462283.jpeg","type":"image\/jpeg"}],"twitter_card":"summary_large_image","twitter_misc":{"Estimation du temps de lecture":"1 minute"},"schema":{"@context":"https:\/\/schema.org","@graph":[{"@type":"WebPage","@id":"https:\/\/vacancesartsnature.com\/boutique\/produit\/atelier-libre-modele-vivant-hiver-2026-carte-pour-10-seances-au-choix\/","url":"https:\/\/vacancesartsnature.com\/boutique\/produit\/atelier-libre-modele-vivant-hiver-2026-carte-pour-10-seances-au-choix\/","name":"Atelier libre mod\u00e8le vivant \u2013 hiver 2026 \u2013 carte pour 10 s\u00e9ances au choix - Boutique Vacances Arts Nature","isPartOf":{"@id":"https:\/\/vacancesartsnature.com\/boutique\/#website"},"primaryImageOfPage":{"@id":"https:\/\/vacancesartsnature.com\/boutique\/produit\/atelier-libre-modele-vivant-hiver-2026-carte-pour-10-seances-au-choix\/#primaryimage"},"image":{"@id":"https:\/\/vacancesartsnature.com\/boutique\/produit\/atelier-libre-modele-vivant-hiver-2026-carte-pour-10-seances-au-choix\/#primaryimage"},"thumbnailUrl":"https:\/\/vacancesartsnature.com\/boutique\/wp-content\/uploads\/sites\/2\/2025\/01\/Amandine-2019-03-02-3-scaled-e1736016462283.jpeg","datePublished":"2025-01-04T18:44:07+00:00","dateModified":"2025-12-12T21:20:39+00:00","breadcrumb":{"@id":"https:\/\/vacancesartsnature.com\/boutique\/produit\/atelier-libre-modele-vivant-hiver-2026-carte-pour-10-seances-au-choix\/#breadcrumb"},"inLanguage":"fr-CA","potentialAction":[{"@type":"ReadAction","target":["https:\/\/vacancesartsnature.com\/boutique\/produit\/atelier-libre-modele-vivant-hiver-2026-carte-pour-10-seances-au-choix\/"]}]},{"@type":"ImageObject","inLanguage":"fr-CA","@id":"https:\/\/vacancesartsnature.com\/boutique\/produit\/atelier-libre-modele-vivant-hiver-2026-carte-pour-10-seances-au-choix\/#primaryimage","url":"https:\/\/vacancesartsnature.com\/boutique\/wp-content\/uploads\/sites\/2\/2025\/01\/Amandine-2019-03-02-3-scaled-e1736016462283.jpeg","contentUrl":"https:\/\/vacancesartsnature.com\/boutique\/wp-content\/uploads\/sites\/2\/2025\/01\/Amandine-2019-03-02-3-scaled-e1736016462283.jpeg","width":1587,"height":1587},{"@type":"BreadcrumbList","@id":"https:\/\/vacancesartsnature.com\/boutique\/produit\/atelier-libre-modele-vivant-hiver-2026-carte-pour-10-seances-au-choix\/#breadcrumb","itemListElement":[{"@type":"ListItem","position":1,"name":"Accueil","item":"https:\/\/vacancesartsnature.com\/boutique\/"},{"@type":"ListItem","position":2,"name":"Produits","item":"https:\/\/vacancesartsnature.com\/boutique\/"},{"@type":"ListItem","position":3,"name":"Atelier libre mod\u00e8le vivant \u2013 hiver 2026 \u2013 carte pour 10 s\u00e9ances au choix"}]},{"@type":"WebSite","@id":"https:\/\/vacancesartsnature.com\/boutique\/#website","url":"https:\/\/vacancesartsnature.com\/boutique\/","name":"Boutique Vacances Arts Nature","description":"Ateliers d&#039;art et m\u00e9tiers d&#039;art, \u00c9cole d&#039;\u00e9t\u00e9","potentialAction":[{"@type":"SearchAction","target":{"@type":"EntryPoint","urlTemplate":"https:\/\/vacancesartsnature.com\/boutique\/?s={search_term_string}"},"query-input":{"@type":"PropertyValueSpecification","valueRequired":true,"valueName":"search_term_string"}}],"inLanguage":"fr-CA"}]}},"_links":{"self":[{"href":"https:\/\/vacancesartsnature.com\/boutique\/wp-json\/wp\/v2\/product\/17923","targetHints":{"allow":["GET"]}}],"collection":[{"href":"https:\/\/vacancesartsnature.com\/boutique\/wp-json\/wp\/v2\/product"}],"about":[{"href":"https:\/\/vacancesartsnature.com\/boutique\/wp-json\/wp\/v2\/types\/product"}],"replies":[{"embeddable":true,"href":"https:\/\/vacancesartsnature.com\/boutique\/wp-json\/wp\/v2\/comments?post=17923"}],"wp:featuredmedia":[{"embeddable":true,"href":"https:\/\/vacancesartsnature.com\/boutique\/wp-json\/wp\/v2\/media\/17924"}],"wp:attachment":[{"href":"https:\/\/vacancesartsnature.com\/boutique\/wp-json\/wp\/v2\/media?parent=17923"}],"wp:term":[{"taxonomy":"product_brand","embeddable":true,"href":"https:\/\/vacancesartsnature.com\/boutique\/wp-json\/wp\/v2\/product_brand?post=17923"},{"taxonomy":"product_cat","embeddable":true,"href":"https:\/\/vacancesartsnature.com\/boutique\/wp-json\/wp\/v2\/product_cat?post=17923"},{"taxonomy":"product_tag","embeddable":true,"href":"https:\/\/vacancesartsnature.com\/boutique\/wp-json\/wp\/v2\/product_tag?post=17923"}],"curies":[{"name":"wp","href":"https:\/\/api.w.org\/{rel}","templated":true}]}}