{"id":7,"date":"2023-08-24T20:42:40","date_gmt":"2023-08-25T00:42:40","guid":{"rendered":"http:\/\/vacancesartsnature.ca\/boutique\/mon-compte\/"},"modified":"2023-08-24T20:42:40","modified_gmt":"2023-08-25T00:42:40","slug":"mon-compte","status":"publish","type":"page","link":"https:\/\/vacancesartsnature.com\/boutique\/mon-compte\/","title":{"rendered":"Mon compte"},"content":{"rendered":"<div class=\"woocommerce\"><\/div>\n","protected":false},"excerpt":{"rendered":"","protected":false},"author":1,"featured_media":0,"parent":0,"menu_order":0,"comment_status":"closed","ping_status":"closed","template":"","meta":{"_acf_changed":false,"_et_pb_use_builder":"","_et_pb_old_content":"","_et_gb_content_width":"","footnotes":""},"class_list":["post-7","page","type-page","status-publish","hentry"],"acf":[],"yoast_head":"<!-- This site is optimized with the Yoast SEO plugin v27.5 - https:\/\/yoast.com\/product\/yoast-seo-wordpress\/ -->\n<title>Mon compte - Boutique Vacances Arts Nature<\/title>\n<meta name=\"robots\" content=\"index, follow, max-snippet:-1, max-image-preview:large, max-video-preview:-1\" \/>\n<link rel=\"canonical\" href=\"https:\/\/vacancesartsnature.com\/boutique\/mon-compte\/\" \/>\n<meta property=\"og:locale\" content=\"fr_CA\" \/>\n<meta property=\"og:type\" content=\"article\" \/>\n<meta property=\"og:title\" content=\"Mon compte - Boutique Vacances Arts Nature\" \/>\n<meta property=\"og:url\" content=\"https:\/\/vacancesartsnature.com\/boutique\/mon-compte\/\" \/>\n<meta property=\"og:site_name\" content=\"Boutique Vacances Arts Nature\" \/>\n<meta name=\"twitter:card\" content=\"summary_large_image\" \/>\n<script type=\"application\/ld+json\" class=\"yoast-schema-graph\">{\"@context\":\"https:\\\/\\\/schema.org\",\"@graph\":[{\"@type\":\"WebPage\",\"@id\":\"https:\\\/\\\/vacancesartsnature.com\\\/boutique\\\/mon-compte\\\/\",\"url\":\"https:\\\/\\\/vacancesartsnature.com\\\/boutique\\\/mon-compte\\\/\",\"name\":\"Mon compte - Boutique Vacances Arts Nature\",\"isPartOf\":{\"@id\":\"https:\\\/\\\/vacancesartsnature.com\\\/boutique\\\/#website\"},\"datePublished\":\"2023-08-25T00:42:40+00:00\",\"breadcrumb\":{\"@id\":\"https:\\\/\\\/vacancesartsnature.com\\\/boutique\\\/mon-compte\\\/#breadcrumb\"},\"inLanguage\":\"fr-CA\",\"potentialAction\":[{\"@type\":\"ReadAction\",\"target\":[\"https:\\\/\\\/vacancesartsnature.com\\\/boutique\\\/mon-compte\\\/\"]}]},{\"@type\":\"BreadcrumbList\",\"@id\":\"https:\\\/\\\/vacancesartsnature.com\\\/boutique\\\/mon-compte\\\/#breadcrumb\",\"itemListElement\":[{\"@type\":\"ListItem\",\"position\":1,\"name\":\"Accueil\",\"item\":\"https:\\\/\\\/vacancesartsnature.com\\\/boutique\\\/\"},{\"@type\":\"ListItem\",\"position\":2,\"name\":\"Mon compte\"}]},{\"@type\":\"WebSite\",\"@id\":\"https:\\\/\\\/vacancesartsnature.com\\\/boutique\\\/#website\",\"url\":\"https:\\\/\\\/vacancesartsnature.com\\\/boutique\\\/\",\"name\":\"Boutique Vacances Arts Nature\",\"description\":\"Ateliers d&#039;art et m\u00e9tiers d&#039;art, \u00c9cole d&#039;\u00e9t\u00e9\",\"potentialAction\":[{\"@type\":\"SearchAction\",\"target\":{\"@type\":\"EntryPoint\",\"urlTemplate\":\"https:\\\/\\\/vacancesartsnature.com\\\/boutique\\\/?s={search_term_string}\"},\"query-input\":{\"@type\":\"PropertyValueSpecification\",\"valueRequired\":true,\"valueName\":\"search_term_string\"}}],\"inLanguage\":\"fr-CA\"}]}<\/script>\n<!-- \/ Yoast SEO plugin. -->","yoast_head_json":{"title":"Mon compte - Boutique Vacances Arts Nature","robots":{"index":"index","follow":"follow","max-snippet":"max-snippet:-1","max-image-preview":"max-image-preview:large","max-video-preview":"max-video-preview:-1"},"canonical":"https:\/\/vacancesartsnature.com\/boutique\/mon-compte\/","og_locale":"fr_CA","og_type":"article","og_title":"Mon compte - Boutique Vacances Arts Nature","og_url":"https:\/\/vacancesartsnature.com\/boutique\/mon-compte\/","og_site_name":"Boutique Vacances Arts Nature","twitter_card":"summary_large_image","schema":{"@context":"https:\/\/schema.org","@graph":[{"@type":"WebPage","@id":"https:\/\/vacancesartsnature.com\/boutique\/mon-compte\/","url":"https:\/\/vacancesartsnature.com\/boutique\/mon-compte\/","name":"Mon compte - Boutique Vacances Arts Nature","isPartOf":{"@id":"https:\/\/vacancesartsnature.com\/boutique\/#website"},"datePublished":"2023-08-25T00:42:40+00:00","breadcrumb":{"@id":"https:\/\/vacancesartsnature.com\/boutique\/mon-compte\/#breadcrumb"},"inLanguage":"fr-CA","potentialAction":[{"@type":"ReadAction","target":["https:\/\/vacancesartsnature.com\/boutique\/mon-compte\/"]}]},{"@type":"BreadcrumbList","@id":"https:\/\/vacancesartsnature.com\/boutique\/mon-compte\/#breadcrumb","itemListElement":[{"@type":"ListItem","position":1,"name":"Accueil","item":"https:\/\/vacancesartsnature.com\/boutique\/"},{"@type":"ListItem","position":2,"name":"Mon compte"}]},{"@type":"WebSite","@id":"https:\/\/vacancesartsnature.com\/boutique\/#website","url":"https:\/\/vacancesartsnature.com\/boutique\/","name":"Boutique Vacances Arts Nature","description":"Ateliers d&#039;art et m\u00e9tiers d&#039;art, \u00c9cole d&#039;\u00e9t\u00e9","potentialAction":[{"@type":"SearchAction","target":{"@type":"EntryPoint","urlTemplate":"https:\/\/vacancesartsnature.com\/boutique\/?s={search_term_string}"},"query-input":{"@type":"PropertyValueSpecification","valueRequired":true,"valueName":"search_term_string"}}],"inLanguage":"fr-CA"}]}},"_links":{"self":[{"href":"https:\/\/vacancesartsnature.com\/boutique\/wp-json\/wp\/v2\/pages\/7","targetHints":{"allow":["GET"]}}],"collection":[{"href":"https:\/\/vacancesartsnature.com\/boutique\/wp-json\/wp\/v2\/pages"}],"about":[{"href":"https:\/\/vacancesartsnature.com\/boutique\/wp-json\/wp\/v2\/types\/page"}],"author":[{"embeddable":true,"href":"https:\/\/vacancesartsnature.com\/boutique\/wp-json\/wp\/v2\/users\/1"}],"replies":[{"embeddable":true,"href":"https:\/\/vacancesartsnature.com\/boutique\/wp-json\/wp\/v2\/comments?post=7"}],"version-history":[{"count":0,"href":"https:\/\/vacancesartsnature.com\/boutique\/wp-json\/wp\/v2\/pages\/7\/revisions"}],"wp:attachment":[{"href":"https:\/\/vacancesartsnature.com\/boutique\/wp-json\/wp\/v2\/media?parent=7"}],"curies":[{"name":"wp","href":"https:\/\/api.w.org\/{rel}","templated":true}]}}