{"id":5,"date":"2023-08-24T20:42:39","date_gmt":"2023-08-25T00:42:39","guid":{"rendered":"http:\/\/vacancesartsnature.ca\/boutique\/panier\/"},"modified":"2025-06-22T12:32:43","modified_gmt":"2025-06-22T16:32:43","slug":"panier","status":"publish","type":"page","link":"https:\/\/vacancesartsnature.com\/boutique\/panier\/","title":{"rendered":"Panier"},"content":{"rendered":"[et_pb_section admin_label=\u00a0\u00bbsection\u00a0\u00bb]\n\t\t\t[et_pb_row admin_label=\u00a0\u00bbrow\u00a0\u00bb]\n\t\t\t\t[et_pb_column type=\u00a0\u00bb4_4&Prime;][et_pb_text admin_label=\u00a0\u00bbText\u00a0\u00bb]\n[\/et_pb_text][\/et_pb_column]\n\t\t\t[\/et_pb_row]\n\t\t[\/et_pb_section]","protected":false},"excerpt":{"rendered":"\n","protected":false},"author":1,"featured_media":0,"parent":0,"menu_order":0,"comment_status":"closed","ping_status":"closed","template":"","meta":{"_acf_changed":false,"_et_pb_use_builder":"on","_et_pb_old_content":"<!-- wp:shortcode -->[woocommerce_cart]<!-- \/wp:shortcode -->","_et_gb_content_width":"","footnotes":""},"class_list":["post-5","page","type-page","status-publish","hentry"],"acf":[],"yoast_head":"<!-- This site is optimized with the Yoast SEO plugin v27.1.1 - https:\/\/yoast.com\/product\/yoast-seo-wordpress\/ -->\n<title>Panier - Boutique Vacances Arts Nature<\/title>\n<meta name=\"robots\" content=\"index, follow, max-snippet:-1, max-image-preview:large, max-video-preview:-1\" \/>\n<link rel=\"canonical\" href=\"https:\/\/vacancesartsnature.com\/boutique\/panier\/\" \/>\n<meta property=\"og:locale\" content=\"fr_CA\" \/>\n<meta property=\"og:type\" content=\"article\" \/>\n<meta property=\"og:title\" content=\"Panier - Boutique Vacances Arts Nature\" \/>\n<meta property=\"og:url\" content=\"https:\/\/vacancesartsnature.com\/boutique\/panier\/\" \/>\n<meta property=\"og:site_name\" content=\"Boutique Vacances Arts Nature\" \/>\n<meta property=\"article:modified_time\" content=\"2025-06-22T16:32:43+00:00\" \/>\n<meta name=\"twitter:card\" content=\"summary_large_image\" \/>\n<meta name=\"twitter:description\" content=\"[woocommerce_cart]\" \/>\n<script type=\"application\/ld+json\" class=\"yoast-schema-graph\">{\"@context\":\"https:\/\/schema.org\",\"@graph\":[{\"@type\":\"WebPage\",\"@id\":\"https:\/\/vacancesartsnature.com\/boutique\/panier\/\",\"url\":\"https:\/\/vacancesartsnature.com\/boutique\/panier\/\",\"name\":\"Panier - Boutique Vacances Arts Nature\",\"isPartOf\":{\"@id\":\"https:\/\/vacancesartsnature.com\/boutique\/#website\"},\"datePublished\":\"2023-08-25T00:42:39+00:00\",\"dateModified\":\"2025-06-22T16:32:43+00:00\",\"breadcrumb\":{\"@id\":\"https:\/\/vacancesartsnature.com\/boutique\/panier\/#breadcrumb\"},\"inLanguage\":\"fr-CA\",\"potentialAction\":[{\"@type\":\"ReadAction\",\"target\":[\"https:\/\/vacancesartsnature.com\/boutique\/panier\/\"]}]},{\"@type\":\"BreadcrumbList\",\"@id\":\"https:\/\/vacancesartsnature.com\/boutique\/panier\/#breadcrumb\",\"itemListElement\":[{\"@type\":\"ListItem\",\"position\":1,\"name\":\"Accueil\",\"item\":\"https:\/\/vacancesartsnature.com\/boutique\/\"},{\"@type\":\"ListItem\",\"position\":2,\"name\":\"Panier\"}]},{\"@type\":\"WebSite\",\"@id\":\"https:\/\/vacancesartsnature.com\/boutique\/#website\",\"url\":\"https:\/\/vacancesartsnature.com\/boutique\/\",\"name\":\"Boutique Vacances Arts Nature\",\"description\":\"Ateliers d&#039;art et m\u00e9tiers d&#039;art, \u00c9cole d&#039;\u00e9t\u00e9\",\"potentialAction\":[{\"@type\":\"SearchAction\",\"target\":{\"@type\":\"EntryPoint\",\"urlTemplate\":\"https:\/\/vacancesartsnature.com\/boutique\/?s={search_term_string}\"},\"query-input\":{\"@type\":\"PropertyValueSpecification\",\"valueRequired\":true,\"valueName\":\"search_term_string\"}}],\"inLanguage\":\"fr-CA\"}]}<\/script>\n<!-- \/ Yoast SEO plugin. -->","yoast_head_json":{"title":"Panier - Boutique Vacances Arts Nature","robots":{"index":"index","follow":"follow","max-snippet":"max-snippet:-1","max-image-preview":"max-image-preview:large","max-video-preview":"max-video-preview:-1"},"canonical":"https:\/\/vacancesartsnature.com\/boutique\/panier\/","og_locale":"fr_CA","og_type":"article","og_title":"Panier - Boutique Vacances Arts Nature","og_url":"https:\/\/vacancesartsnature.com\/boutique\/panier\/","og_site_name":"Boutique Vacances Arts Nature","article_modified_time":"2025-06-22T16:32:43+00:00","twitter_card":"summary_large_image","twitter_description":"[woocommerce_cart]","schema":{"@context":"https:\/\/schema.org","@graph":[{"@type":"WebPage","@id":"https:\/\/vacancesartsnature.com\/boutique\/panier\/","url":"https:\/\/vacancesartsnature.com\/boutique\/panier\/","name":"Panier - Boutique Vacances Arts Nature","isPartOf":{"@id":"https:\/\/vacancesartsnature.com\/boutique\/#website"},"datePublished":"2023-08-25T00:42:39+00:00","dateModified":"2025-06-22T16:32:43+00:00","breadcrumb":{"@id":"https:\/\/vacancesartsnature.com\/boutique\/panier\/#breadcrumb"},"inLanguage":"fr-CA","potentialAction":[{"@type":"ReadAction","target":["https:\/\/vacancesartsnature.com\/boutique\/panier\/"]}]},{"@type":"BreadcrumbList","@id":"https:\/\/vacancesartsnature.com\/boutique\/panier\/#breadcrumb","itemListElement":[{"@type":"ListItem","position":1,"name":"Accueil","item":"https:\/\/vacancesartsnature.com\/boutique\/"},{"@type":"ListItem","position":2,"name":"Panier"}]},{"@type":"WebSite","@id":"https:\/\/vacancesartsnature.com\/boutique\/#website","url":"https:\/\/vacancesartsnature.com\/boutique\/","name":"Boutique Vacances Arts Nature","description":"Ateliers d&#039;art et m\u00e9tiers d&#039;art, \u00c9cole d&#039;\u00e9t\u00e9","potentialAction":[{"@type":"SearchAction","target":{"@type":"EntryPoint","urlTemplate":"https:\/\/vacancesartsnature.com\/boutique\/?s={search_term_string}"},"query-input":{"@type":"PropertyValueSpecification","valueRequired":true,"valueName":"search_term_string"}}],"inLanguage":"fr-CA"}]}},"_links":{"self":[{"href":"https:\/\/vacancesartsnature.com\/boutique\/wp-json\/wp\/v2\/pages\/5","targetHints":{"allow":["GET"]}}],"collection":[{"href":"https:\/\/vacancesartsnature.com\/boutique\/wp-json\/wp\/v2\/pages"}],"about":[{"href":"https:\/\/vacancesartsnature.com\/boutique\/wp-json\/wp\/v2\/types\/page"}],"author":[{"embeddable":true,"href":"https:\/\/vacancesartsnature.com\/boutique\/wp-json\/wp\/v2\/users\/1"}],"replies":[{"embeddable":true,"href":"https:\/\/vacancesartsnature.com\/boutique\/wp-json\/wp\/v2\/comments?post=5"}],"version-history":[{"count":1,"href":"https:\/\/vacancesartsnature.com\/boutique\/wp-json\/wp\/v2\/pages\/5\/revisions"}],"predecessor-version":[{"id":18084,"href":"https:\/\/vacancesartsnature.com\/boutique\/wp-json\/wp\/v2\/pages\/5\/revisions\/18084"}],"wp:attachment":[{"href":"https:\/\/vacancesartsnature.com\/boutique\/wp-json\/wp\/v2\/media?parent=5"}],"curies":[{"name":"wp","href":"https:\/\/api.w.org\/{rel}","templated":true}]}}