{"id":17961,"date":"2025-04-04T17:21:03","date_gmt":"2025-04-04T21:21:03","guid":{"rendered":"https:\/\/vacancesartsnature.com\/boutique\/shop-products\/"},"modified":"2025-04-04T17:21:03","modified_gmt":"2025-04-04T21:21:03","slug":"shop-products","status":"publish","type":"page","link":"https:\/\/vacancesartsnature.com\/boutique\/shop-products\/","title":{"rendered":"Shop"},"content":{"rendered":"<p>[wpec_show_all_products]<\/p>\n","protected":false},"excerpt":{"rendered":"<p>[wpec_show_all_products]<\/p>\n","protected":false},"author":1,"featured_media":0,"parent":0,"menu_order":0,"comment_status":"closed","ping_status":"closed","template":"","meta":{"_acf_changed":false,"_et_pb_use_builder":"","_et_pb_old_content":"","_et_gb_content_width":"","footnotes":""},"class_list":["post-17961","page","type-page","status-publish","hentry"],"acf":[],"yoast_head":"<!-- This site is optimized with the Yoast SEO plugin v27.1.1 - https:\/\/yoast.com\/product\/yoast-seo-wordpress\/ -->\n<title>Shop - Boutique Vacances Arts Nature<\/title>\n<meta name=\"robots\" content=\"index, follow, max-snippet:-1, max-image-preview:large, max-video-preview:-1\" \/>\n<link rel=\"canonical\" href=\"https:\/\/vacancesartsnature.com\/boutique\/shop-products\/\" \/>\n<meta property=\"og:locale\" content=\"fr_CA\" \/>\n<meta property=\"og:type\" content=\"article\" \/>\n<meta property=\"og:title\" content=\"Shop - Boutique Vacances Arts Nature\" \/>\n<meta property=\"og:description\" content=\"[wpec_show_all_products]\" \/>\n<meta property=\"og:url\" content=\"https:\/\/vacancesartsnature.com\/boutique\/shop-products\/\" \/>\n<meta property=\"og:site_name\" content=\"Boutique Vacances Arts Nature\" \/>\n<meta name=\"twitter:card\" content=\"summary_large_image\" \/>\n<script type=\"application\/ld+json\" class=\"yoast-schema-graph\">{\"@context\":\"https:\/\/schema.org\",\"@graph\":[{\"@type\":\"WebPage\",\"@id\":\"https:\/\/vacancesartsnature.com\/boutique\/shop-products\/\",\"url\":\"https:\/\/vacancesartsnature.com\/boutique\/shop-products\/\",\"name\":\"Shop - Boutique Vacances Arts Nature\",\"isPartOf\":{\"@id\":\"https:\/\/vacancesartsnature.com\/boutique\/#website\"},\"datePublished\":\"2025-04-04T21:21:03+00:00\",\"breadcrumb\":{\"@id\":\"https:\/\/vacancesartsnature.com\/boutique\/shop-products\/#breadcrumb\"},\"inLanguage\":\"fr-CA\",\"potentialAction\":[{\"@type\":\"ReadAction\",\"target\":[\"https:\/\/vacancesartsnature.com\/boutique\/shop-products\/\"]}]},{\"@type\":\"BreadcrumbList\",\"@id\":\"https:\/\/vacancesartsnature.com\/boutique\/shop-products\/#breadcrumb\",\"itemListElement\":[{\"@type\":\"ListItem\",\"position\":1,\"name\":\"Accueil\",\"item\":\"https:\/\/vacancesartsnature.com\/boutique\/\"},{\"@type\":\"ListItem\",\"position\":2,\"name\":\"Shop\"}]},{\"@type\":\"WebSite\",\"@id\":\"https:\/\/vacancesartsnature.com\/boutique\/#website\",\"url\":\"https:\/\/vacancesartsnature.com\/boutique\/\",\"name\":\"Boutique Vacances Arts Nature\",\"description\":\"Ateliers d&#039;art et m\u00e9tiers d&#039;art, \u00c9cole d&#039;\u00e9t\u00e9\",\"potentialAction\":[{\"@type\":\"SearchAction\",\"target\":{\"@type\":\"EntryPoint\",\"urlTemplate\":\"https:\/\/vacancesartsnature.com\/boutique\/?s={search_term_string}\"},\"query-input\":{\"@type\":\"PropertyValueSpecification\",\"valueRequired\":true,\"valueName\":\"search_term_string\"}}],\"inLanguage\":\"fr-CA\"}]}<\/script>\n<!-- \/ Yoast SEO plugin. -->","yoast_head_json":{"title":"Shop - Boutique Vacances Arts Nature","robots":{"index":"index","follow":"follow","max-snippet":"max-snippet:-1","max-image-preview":"max-image-preview:large","max-video-preview":"max-video-preview:-1"},"canonical":"https:\/\/vacancesartsnature.com\/boutique\/shop-products\/","og_locale":"fr_CA","og_type":"article","og_title":"Shop - Boutique Vacances Arts Nature","og_description":"[wpec_show_all_products]","og_url":"https:\/\/vacancesartsnature.com\/boutique\/shop-products\/","og_site_name":"Boutique Vacances Arts Nature","twitter_card":"summary_large_image","schema":{"@context":"https:\/\/schema.org","@graph":[{"@type":"WebPage","@id":"https:\/\/vacancesartsnature.com\/boutique\/shop-products\/","url":"https:\/\/vacancesartsnature.com\/boutique\/shop-products\/","name":"Shop - Boutique Vacances Arts Nature","isPartOf":{"@id":"https:\/\/vacancesartsnature.com\/boutique\/#website"},"datePublished":"2025-04-04T21:21:03+00:00","breadcrumb":{"@id":"https:\/\/vacancesartsnature.com\/boutique\/shop-products\/#breadcrumb"},"inLanguage":"fr-CA","potentialAction":[{"@type":"ReadAction","target":["https:\/\/vacancesartsnature.com\/boutique\/shop-products\/"]}]},{"@type":"BreadcrumbList","@id":"https:\/\/vacancesartsnature.com\/boutique\/shop-products\/#breadcrumb","itemListElement":[{"@type":"ListItem","position":1,"name":"Accueil","item":"https:\/\/vacancesartsnature.com\/boutique\/"},{"@type":"ListItem","position":2,"name":"Shop"}]},{"@type":"WebSite","@id":"https:\/\/vacancesartsnature.com\/boutique\/#website","url":"https:\/\/vacancesartsnature.com\/boutique\/","name":"Boutique Vacances Arts Nature","description":"Ateliers d&#039;art et m\u00e9tiers d&#039;art, \u00c9cole d&#039;\u00e9t\u00e9","potentialAction":[{"@type":"SearchAction","target":{"@type":"EntryPoint","urlTemplate":"https:\/\/vacancesartsnature.com\/boutique\/?s={search_term_string}"},"query-input":{"@type":"PropertyValueSpecification","valueRequired":true,"valueName":"search_term_string"}}],"inLanguage":"fr-CA"}]}},"_links":{"self":[{"href":"https:\/\/vacancesartsnature.com\/boutique\/wp-json\/wp\/v2\/pages\/17961","targetHints":{"allow":["GET"]}}],"collection":[{"href":"https:\/\/vacancesartsnature.com\/boutique\/wp-json\/wp\/v2\/pages"}],"about":[{"href":"https:\/\/vacancesartsnature.com\/boutique\/wp-json\/wp\/v2\/types\/page"}],"author":[{"embeddable":true,"href":"https:\/\/vacancesartsnature.com\/boutique\/wp-json\/wp\/v2\/users\/1"}],"replies":[{"embeddable":true,"href":"https:\/\/vacancesartsnature.com\/boutique\/wp-json\/wp\/v2\/comments?post=17961"}],"version-history":[{"count":0,"href":"https:\/\/vacancesartsnature.com\/boutique\/wp-json\/wp\/v2\/pages\/17961\/revisions"}],"wp:attachment":[{"href":"https:\/\/vacancesartsnature.com\/boutique\/wp-json\/wp\/v2\/media?parent=17961"}],"curies":[{"name":"wp","href":"https:\/\/api.w.org\/{rel}","templated":true}]}}